{"id":1197,"date":"2025-06-16T14:14:48","date_gmt":"2025-06-16T14:14:48","guid":{"rendered":"https:\/\/dravaleriaramoss.com\/?post_type=product&#038;p=1197"},"modified":"2025-07-28T18:00:05","modified_gmt":"2025-07-28T18:00:05","slug":"plan-vip","status":"publish","type":"product","link":"https:\/\/dravaleriaramoss.com\/en\/product\/plan-vip\/","title":{"rendered":"Plan VIP"},"content":{"rendered":"<p class=\"cgHgbA pYZEjA Xp24Nw PanoWQ\"><span class=\"OYPEnA\">Initial consultation<\/span><\/p>\n<p class=\"cgHgbA pYZEjA Xp24Nw\"><span class=\"OYPEnA\">Nutrition plan<\/span><\/p>\n<p class=\"cgHgbA pYZEjA Xp24Nw\"><span class=\"OYPEnA\">Lab control<\/span><\/p>\n<p class=\"cgHgbA pYZEjA Xp24Nw\"><span class=\"OYPEnA\">Pharmacological plan<\/span><\/p>\n<p class=\"cgHgbA pYZEjA Xp24Nw\"><span class=\"OYPEnA\">Supplement plan<\/span><\/p>\n<p class=\"cgHgbA pYZEjA Xp24Nw\"><span class=\"OYPEnA\">Email consultation<\/span><\/p>\n<p class=\"cgHgbA pYZEjA Xp24Nw\"><strong><span class=\"OYPEnA\">(max 4\/month)<\/span><\/strong><\/p>\n<p class=\"cgHgbA pYZEjA Xp24Nw\"><strong><span class=\"OYPEnA\">Exercise plan<\/span><\/strong><\/p>\n<p class=\"cgHgbA pYZEjA Xp24Nw\"><strong><span class=\"OYPEnA\">Meditation plan<\/span><\/strong><\/p>\n<p class=\"cgHgbA pYZEjA Xp24Nw\"><strong><span class=\"OYPEnA\">Email question access<\/span><\/strong><\/p>\n<p class=\"cgHgbA pYZEjA Xp24Nw\"><strong><span class=\"OYPEnA\">Recommended readings<\/span><\/strong><\/p>","protected":false},"excerpt":{"rendered":"<p>Consulta inicial Plan alimenticio Control de anal\u00edticas Plan Farmacol\u00f3gico Plan de Suplementaci\u00f3n Consulta por mail (m\u00e1x 4\/mes) Plan de ejercicio Plan de meditaci\u00f3n Acceso a preguntas v\u00eda mail Lecturas<\/p>","protected":false},"featured_media":938,"comment_status":"open","ping_status":"closed","template":"","meta":{"nf_dc_page":"","content-type":"","_monsterinsights_skip_tracking":false,"_monsterinsights_sitenote_active":false,"_monsterinsights_sitenote_note":"","_monsterinsights_sitenote_category":0},"product_brand":[],"product_cat":[27],"product_tag":[],"class_list":{"0":"post-1197","1":"product","2":"type-product","3":"status-publish","4":"has-post-thumbnail","6":"product_cat-planes","8":"first","9":"instock","10":"virtual","11":"purchasable","12":"product-type-simple"},"yoast_head":"<!-- This site is optimized with the Yoast SEO plugin v27.3 - https:\/\/yoast.com\/product\/yoast-seo-wordpress\/ -->\n<title>Plan VIP - Dra. Valeria Ramos<\/title>\n<meta name=\"robots\" content=\"index, follow, max-snippet:-1, max-image-preview:large, max-video-preview:-1\" \/>\n<link rel=\"canonical\" href=\"https:\/\/dravaleriaramoss.com\/en\/product\/plan-vip\/\" \/>\n<meta property=\"og:locale\" content=\"en_US\" \/>\n<meta property=\"og:type\" content=\"article\" \/>\n<meta property=\"og:title\" content=\"Plan VIP - Dra. Valeria Ramos\" \/>\n<meta property=\"og:description\" content=\"Consulta inicial Plan alimenticio Control de anal\u00edticas Plan Farmacol\u00f3gico Plan de Suplementaci\u00f3n Consulta por mail (m\u00e1x 4\/mes) Plan de ejercicio Plan de meditaci\u00f3n Acceso a preguntas v\u00eda mail Lecturas\" \/>\n<meta property=\"og:url\" content=\"https:\/\/dravaleriaramoss.com\/en\/product\/plan-vip\/\" \/>\n<meta property=\"og:site_name\" content=\"Dra. Valeria Ramos\" \/>\n<meta property=\"article:modified_time\" content=\"2025-07-28T18:00:05+00:00\" \/>\n<meta property=\"og:image\" content=\"https:\/\/i0.wp.com\/dravaleriaramoss.com\/wp-content\/uploads\/2025\/05\/valeria-portada-scaled.jpg?fit=2560%2C2433&ssl=1\" \/>\n\t<meta property=\"og:image:width\" content=\"2560\" \/>\n\t<meta property=\"og:image:height\" content=\"2433\" \/>\n\t<meta property=\"og:image:type\" content=\"image\/jpeg\" \/>\n<meta name=\"twitter:card\" content=\"summary_large_image\" \/>\n<meta name=\"twitter:label1\" content=\"Est. reading time\" \/>\n\t<meta name=\"twitter:data1\" content=\"1 minute\" \/>\n<script type=\"application\/ld+json\" class=\"yoast-schema-graph\">{\"@context\":\"https:\\\/\\\/schema.org\",\"@graph\":[{\"@type\":\"WebPage\",\"@id\":\"https:\\\/\\\/dravaleriaramoss.com\\\/producto\\\/plan-vip\\\/\",\"url\":\"https:\\\/\\\/dravaleriaramoss.com\\\/producto\\\/plan-vip\\\/\",\"name\":\"Plan VIP - Dra. Valeria Ramos\",\"isPartOf\":{\"@id\":\"https:\\\/\\\/dravaleriaramoss.com\\\/#website\"},\"primaryImageOfPage\":{\"@id\":\"https:\\\/\\\/dravaleriaramoss.com\\\/producto\\\/plan-vip\\\/#primaryimage\"},\"image\":{\"@id\":\"https:\\\/\\\/dravaleriaramoss.com\\\/producto\\\/plan-vip\\\/#primaryimage\"},\"thumbnailUrl\":\"https:\\\/\\\/dravaleriaramoss.com\\\/wp-content\\\/uploads\\\/2025\\\/05\\\/7.svg\",\"datePublished\":\"2025-06-16T14:14:48+00:00\",\"dateModified\":\"2025-07-28T18:00:05+00:00\",\"breadcrumb\":{\"@id\":\"https:\\\/\\\/dravaleriaramoss.com\\\/producto\\\/plan-vip\\\/#breadcrumb\"},\"inLanguage\":\"en-US\",\"potentialAction\":[{\"@type\":\"ReadAction\",\"target\":[\"https:\\\/\\\/dravaleriaramoss.com\\\/producto\\\/plan-vip\\\/\"]}]},{\"@type\":\"ImageObject\",\"inLanguage\":\"en-US\",\"@id\":\"https:\\\/\\\/dravaleriaramoss.com\\\/producto\\\/plan-vip\\\/#primaryimage\",\"url\":\"https:\\\/\\\/dravaleriaramoss.com\\\/wp-content\\\/uploads\\\/2025\\\/05\\\/7.svg\",\"contentUrl\":\"https:\\\/\\\/dravaleriaramoss.com\\\/wp-content\\\/uploads\\\/2025\\\/05\\\/7.svg\",\"width\":1080,\"height\":1080},{\"@type\":\"BreadcrumbList\",\"@id\":\"https:\\\/\\\/dravaleriaramoss.com\\\/producto\\\/plan-vip\\\/#breadcrumb\",\"itemListElement\":[{\"@type\":\"ListItem\",\"position\":1,\"name\":\"Home\",\"item\":\"https:\\\/\\\/dravaleriaramoss.com\\\/\"},{\"@type\":\"ListItem\",\"position\":2,\"name\":\"Shop\",\"item\":\"https:\\\/\\\/dravaleriaramoss.com\\\/shop\\\/\"},{\"@type\":\"ListItem\",\"position\":3,\"name\":\"Plan VIP\"}]},{\"@type\":\"WebSite\",\"@id\":\"https:\\\/\\\/dravaleriaramoss.com\\\/#website\",\"url\":\"https:\\\/\\\/dravaleriaramoss.com\\\/\",\"name\":\"Dra. Valeria Ramos\",\"description\":\"M\u00e9dico cirujano UCV, Especialista en medicina familiar y comunitaria, M\u00e1ster en Psiconeuroinmunolog\u00eda\u00a0cl\u00ednica\",\"publisher\":{\"@id\":\"https:\\\/\\\/dravaleriaramoss.com\\\/#\\\/schema\\\/person\\\/5bcf0865cd7cfa7661760bf8c79ca47d\"},\"potentialAction\":[{\"@type\":\"SearchAction\",\"target\":{\"@type\":\"EntryPoint\",\"urlTemplate\":\"https:\\\/\\\/dravaleriaramoss.com\\\/?s={search_term_string}\"},\"query-input\":{\"@type\":\"PropertyValueSpecification\",\"valueRequired\":true,\"valueName\":\"search_term_string\"}}],\"inLanguage\":\"en-US\"},{\"@type\":[\"Person\",\"Organization\"],\"@id\":\"https:\\\/\\\/dravaleriaramoss.com\\\/#\\\/schema\\\/person\\\/5bcf0865cd7cfa7661760bf8c79ca47d\",\"name\":\"Valeria\",\"image\":{\"@type\":\"ImageObject\",\"inLanguage\":\"en-US\",\"@id\":\"https:\\\/\\\/dravaleriaramoss.com\\\/wp-content\\\/uploads\\\/2025\\\/05\\\/SVG-1.svg\",\"url\":\"https:\\\/\\\/dravaleriaramoss.com\\\/wp-content\\\/uploads\\\/2025\\\/05\\\/SVG-1.svg\",\"contentUrl\":\"https:\\\/\\\/dravaleriaramoss.com\\\/wp-content\\\/uploads\\\/2025\\\/05\\\/SVG-1.svg\",\"width\":794,\"height\":1123,\"caption\":\"Valeria\"},\"logo\":{\"@id\":\"https:\\\/\\\/dravaleriaramoss.com\\\/wp-content\\\/uploads\\\/2025\\\/05\\\/SVG-1.svg\"}}]}<\/script>\n<!-- \/ Yoast SEO plugin. -->","yoast_head_json":{"title":"Plan VIP - Dra. Valeria Ramos","robots":{"index":"index","follow":"follow","max-snippet":"max-snippet:-1","max-image-preview":"max-image-preview:large","max-video-preview":"max-video-preview:-1"},"canonical":"https:\/\/dravaleriaramoss.com\/en\/product\/plan-vip\/","og_locale":"en_US","og_type":"article","og_title":"Plan VIP - Dra. Valeria Ramos","og_description":"Consulta inicial Plan alimenticio Control de anal\u00edticas Plan Farmacol\u00f3gico Plan de Suplementaci\u00f3n Consulta por mail (m\u00e1x 4\/mes) Plan de ejercicio Plan de meditaci\u00f3n Acceso a preguntas v\u00eda mail Lecturas","og_url":"https:\/\/dravaleriaramoss.com\/en\/product\/plan-vip\/","og_site_name":"Dra. Valeria Ramos","article_modified_time":"2025-07-28T18:00:05+00:00","og_image":[{"width":2560,"height":2433,"url":"https:\/\/i0.wp.com\/dravaleriaramoss.com\/wp-content\/uploads\/2025\/05\/valeria-portada-scaled.jpg?fit=2560%2C2433&ssl=1","type":"image\/jpeg"}],"twitter_card":"summary_large_image","twitter_misc":{"Est. reading time":"1 minute"},"schema":{"@context":"https:\/\/schema.org","@graph":[{"@type":"WebPage","@id":"https:\/\/dravaleriaramoss.com\/producto\/plan-vip\/","url":"https:\/\/dravaleriaramoss.com\/producto\/plan-vip\/","name":"Plan VIP - Dra. Valeria Ramos","isPartOf":{"@id":"https:\/\/dravaleriaramoss.com\/#website"},"primaryImageOfPage":{"@id":"https:\/\/dravaleriaramoss.com\/producto\/plan-vip\/#primaryimage"},"image":{"@id":"https:\/\/dravaleriaramoss.com\/producto\/plan-vip\/#primaryimage"},"thumbnailUrl":"https:\/\/dravaleriaramoss.com\/wp-content\/uploads\/2025\/05\/7.svg","datePublished":"2025-06-16T14:14:48+00:00","dateModified":"2025-07-28T18:00:05+00:00","breadcrumb":{"@id":"https:\/\/dravaleriaramoss.com\/producto\/plan-vip\/#breadcrumb"},"inLanguage":"en-US","potentialAction":[{"@type":"ReadAction","target":["https:\/\/dravaleriaramoss.com\/producto\/plan-vip\/"]}]},{"@type":"ImageObject","inLanguage":"en-US","@id":"https:\/\/dravaleriaramoss.com\/producto\/plan-vip\/#primaryimage","url":"https:\/\/dravaleriaramoss.com\/wp-content\/uploads\/2025\/05\/7.svg","contentUrl":"https:\/\/dravaleriaramoss.com\/wp-content\/uploads\/2025\/05\/7.svg","width":1080,"height":1080},{"@type":"BreadcrumbList","@id":"https:\/\/dravaleriaramoss.com\/producto\/plan-vip\/#breadcrumb","itemListElement":[{"@type":"ListItem","position":1,"name":"Home","item":"https:\/\/dravaleriaramoss.com\/"},{"@type":"ListItem","position":2,"name":"Shop","item":"https:\/\/dravaleriaramoss.com\/shop\/"},{"@type":"ListItem","position":3,"name":"Plan VIP"}]},{"@type":"WebSite","@id":"https:\/\/dravaleriaramoss.com\/#website","url":"https:\/\/dravaleriaramoss.com\/","name":"Dra. Valeria Ramos","description":"M\u00e9dico cirujano UCV, Especialista en medicina familiar y comunitaria, M\u00e1ster en Psiconeuroinmunolog\u00eda\u00a0cl\u00ednica","publisher":{"@id":"https:\/\/dravaleriaramoss.com\/#\/schema\/person\/5bcf0865cd7cfa7661760bf8c79ca47d"},"potentialAction":[{"@type":"SearchAction","target":{"@type":"EntryPoint","urlTemplate":"https:\/\/dravaleriaramoss.com\/?s={search_term_string}"},"query-input":{"@type":"PropertyValueSpecification","valueRequired":true,"valueName":"search_term_string"}}],"inLanguage":"en-US"},{"@type":["Person","Organization"],"@id":"https:\/\/dravaleriaramoss.com\/#\/schema\/person\/5bcf0865cd7cfa7661760bf8c79ca47d","name":"Valeria","image":{"@type":"ImageObject","inLanguage":"en-US","@id":"https:\/\/dravaleriaramoss.com\/wp-content\/uploads\/2025\/05\/SVG-1.svg","url":"https:\/\/dravaleriaramoss.com\/wp-content\/uploads\/2025\/05\/SVG-1.svg","contentUrl":"https:\/\/dravaleriaramoss.com\/wp-content\/uploads\/2025\/05\/SVG-1.svg","width":794,"height":1123,"caption":"Valeria"},"logo":{"@id":"https:\/\/dravaleriaramoss.com\/wp-content\/uploads\/2025\/05\/SVG-1.svg"}}]}},"jetpack_sharing_enabled":true,"_links":{"self":[{"href":"https:\/\/dravaleriaramoss.com\/en\/wp-json\/wp\/v2\/product\/1197","targetHints":{"allow":["GET"]}}],"collection":[{"href":"https:\/\/dravaleriaramoss.com\/en\/wp-json\/wp\/v2\/product"}],"about":[{"href":"https:\/\/dravaleriaramoss.com\/en\/wp-json\/wp\/v2\/types\/product"}],"replies":[{"embeddable":true,"href":"https:\/\/dravaleriaramoss.com\/en\/wp-json\/wp\/v2\/comments?post=1197"}],"wp:featuredmedia":[{"embeddable":true,"href":"https:\/\/dravaleriaramoss.com\/en\/wp-json\/wp\/v2\/media\/938"}],"wp:attachment":[{"href":"https:\/\/dravaleriaramoss.com\/en\/wp-json\/wp\/v2\/media?parent=1197"}],"wp:term":[{"taxonomy":"product_brand","embeddable":true,"href":"https:\/\/dravaleriaramoss.com\/en\/wp-json\/wp\/v2\/product_brand?post=1197"},{"taxonomy":"product_cat","embeddable":true,"href":"https:\/\/dravaleriaramoss.com\/en\/wp-json\/wp\/v2\/product_cat?post=1197"},{"taxonomy":"product_tag","embeddable":true,"href":"https:\/\/dravaleriaramoss.com\/en\/wp-json\/wp\/v2\/product_tag?post=1197"}],"curies":[{"name":"wp","href":"https:\/\/api.w.org\/{rel}","templated":true}]}}